{"id":106,"date":"2022-01-23T13:37:32","date_gmt":"2022-01-23T13:37:32","guid":{"rendered":"https:\/\/canix.uber.space\/?page_id=106"},"modified":"2022-01-23T13:37:32","modified_gmt":"2022-01-23T13:37:32","slug":"datenschutzerklaerung","status":"publish","type":"page","link":"https:\/\/canixfunsport.de\/?page_id=106","title":{"rendered":"Datenschutzerkl\u00e4rung"},"content":{"rendered":"\n<p>Der Verantwortliche f\u00fcr die Datenverarbeitung auf dieser Webseite ist:<\/p>\n\n\n\n<p>Rhineside ltd.<br>Gesch\u00e4ftsf\u00fchrer: Claudia Bollessen<br>Klosterstr. 26<br>47906 Kempen<\/p>\n\n\n\n<p>Umsatzsteuer-ID: DE 253939454<\/p>\n\n\n\n<p>Kontakt:<br>Telefon:+49 170 5474594<br>E-Mail: canixfunsport@gmx.net<\/p>\n\n\n\n<p>Verantwortlich f\u00fcr den Seiteninhalt:<br>Gerhard Bollessen<br>Kosterstr. 26<br>47906 Kempen<\/p>\n\n\n\n<p><br>Wir nehmen den Schutz Ihrer pers\u00f6nlichen Daten sehr ernst. Ihre personenbezogenen Daten behandeln wir vertraulich und entsprechend der gesetzlichen Datenschutzvorschriften, insbesondere der EU-DSGVO, des BDSG-neu und des TMG, sowie dieser Datenschutzerkl\u00e4rung.<\/p>\n\n\n\n<p>Die Nutzung unserer Webseite ist in der Regel ohne Angabe personenbezogener<\/p>\n\n\n\n<p>Daten m\u00f6glich. Soweit auf unseren Seiten personenbezogene Daten (beispielsweise Name, Anschrift oder E-Mail Adressen) erhoben werden, erfolgt dies, soweit m\u00f6glich, stets auf freiwilliger Basis. Diese Daten werden ohne Ihre ausdr\u00fcckliche Zustimmung nicht an Dritte weitergegeben.<\/p>\n\n\n\n<p>Die nachfolgende Datenschutzerkl\u00e4rung gibt Ihnen einen \u00dcberblick dar\u00fcber, wie wir den Schutz Ihrer personenbezogenen Daten gew\u00e4hrleisten, welche Art von Daten zu welchem Zweck erhoben werden und wie Sie Ihre Rechte zum Schutz Ihrer Daten wahrnehmen k\u00f6nnen.<\/p>\n\n\n\n<p><strong>Serverlogs:<\/strong><\/p>\n\n\n\n<p>Aus technischen Gr\u00fcnden, zur Abwehr, Analyse und Verfolgung von Angriffen auf unsere Webseiten erhebt und speichert unser Webserver automatisch in den Logfiles Daten, die Ihr Browser an uns \u00fcbermittelt. Diese sind:<\/p>\n\n\n\n<p>Browsertyp und Browserversion, verwendetes Betriebssystem,&nbsp; Referrer URL (zuvor besuchte Webseite), Hostname des zugreifenden Rechners, Uhrzeit der Serveranfrage, IP-Adresse<\/p>\n\n\n\n<p>Diese Daten sind f\u00fcr uns keinen bestimmten Personen zuzuordnen. Eine Zusammenf\u00fchrung dieser Daten mit anderen Datenquellen wird nicht vorgenommen, die Daten werden zudem nach 48 Stunden gel\u00f6scht.<\/p>\n\n\n\n<p><strong>Externe Links:<\/strong><\/p>\n\n\n\n<p>Unser Webseite enth\u00e4lt Links (=Weiterleitungen) zu anderen Internetangeboten. Externe Links, also Links zu Webseiten dritter Informationsanbieter, sind dadurch gekennzeichnet, dass bei Ann\u00e4hern mit der Maus an den Link die entsprechende Ziel-URL in Ihrer Browseradressleiste angezeigt wird. Wir sind f\u00fcr den Inhalt von Seiten, die mittels einer solchen Verbindung erreicht werden, nicht verantwortlich. Die dortige Datenverarbeitung erfolgt im Rahmen der Datenschutzerkl\u00e4rungen der jeweiligen Anbieter. Die auf den verlinkten Seiten wiedergegebenen<\/p>\n\n\n\n<p>Meinungs\u00e4u\u00dferungen und\/oder Tatsachenbehauptungen liegen in der alleinigen Verantwortung der jeweiligen Anbieter und spiegeln nicht die Meinung des Verantwortlichen wider.<\/p>\n\n\n\n<p><strong>Cookies und Widerspruchsrecht bei Direktwerbung<\/strong><\/p>\n\n\n\n<p>Als \u201eCookies\u201c werden kleine Dateien bezeichnet, die auf Rechnern der Nutzer gespeichert werden. Innerhalb der Cookies k\u00f6nnen unterschiedliche Angaben gespeichert werden. Ein Cookie dient prim\u00e4r dazu, die Angaben zu einem Nutzer (bzw. dem Ger\u00e4t auf dem das Cookie gespeichert ist) w\u00e4hrend oder auch nach seinem Besuch innerhalb eines Onlineangebotes zu speichern. Als tempor\u00e4re Cookies,bzw. \u201eSession-Cookies\u201c oder \u201etransiente Cookies\u201c, werden Cookies bezeichnet, die gel\u00f6scht werden, nachdem ein Nutzer ein Onlineangebot verl\u00e4sst und seinen Browser schlie\u00dft. In einem solchen Cookie kann z.B. der Inhalt eines Warenkorbs in einem Onlineshop oder ein Login-Staus gespeichert werden. Als \u201epermanent\u201c oder \u201epersistent\u201c werden Cookies bezeichnet, die auch nach dem Schlie\u00dfen des Browsers gespeichert bleiben. So kann z.B. der Login-Status gespeichert werden, wenn die Nutzer diese nach mehreren Tagen aufsuchen. Ebenso k\u00f6nnen in einem solchen Cookie die Interessen der<\/p>\n\n\n\n<p>Nutzer gespeichert werden, die f\u00fcr Reichweitenmessung oder Marketingzwecke verwendet werden. Als \u201eThird-Party-Cookie\u201c werden Cookies bezeichnet, die von anderen Anbietern als dem Verantwortlichen, der das Onlineangebot betreibt, angeboten werden (andernfalls, wenn es nur dessen Cookies sind spricht man von \u201eFirst-Party Cookies\u201c).<\/p>\n\n\n\n<p>Wir k\u00f6nnen tempor\u00e4re und permanente Cookies einsetzen und kl\u00e4ren hier\u00fcber im Rahmen unserer Datenschutzerkl\u00e4rung auf. Falls die Nutzer nicht m\u00f6chten, dass Cookies auf ihrem Rechner gespeichert werden, werden sie gebeten die entsprechende Option in den Systemeinstellungen ihres Browsers zu deaktivieren.<\/p>\n\n\n\n<p>Gespeicherte Cookies k\u00f6nnen in den Systemeinstellungen des Browsers gel\u00f6scht werden. Der<\/p>\n\n\n\n<p>Ausschluss von Cookies kann zu Funktionseinschr\u00e4nkungen dieses Onlineangebotes f\u00fchren.Ein genereller Widerspruch gegen den Einsatz der zu Zwecken des Onlinemarketing eingesetzten&nbsp; Cookies kann bei einer Vielzahl der Dienste, vor allem im Fall des Trackings, \u00fcber die US- amerikanische Seite <a href=\"http:\/\/www.aboutads.info\/choices\/\" target=\"_blank\" rel=\"noreferrer noopener\">www.aboutads.info\/choices\/<\/a> oder die EU<\/p>\n\n\n\n<p>Seite <a href=\"http:\/\/www.youronlinechoices.com\/\" target=\"_blank\" rel=\"noreferrer noopener\">www.youronlinechoices.com<\/a> erkl\u00e4rt werden. Des Weiteren kann die Speicherung von Cookies mittels deren Abschaltung in den Einstellungen des Browsers erreicht werden. Bitte beachten Sie, dass dann gegebenenfalls nicht alle Funktionen dieses Onlineangebotes genutzt werden k\u00f6nnen.<\/p>\n\n\n\n<p><strong>Cookies<\/strong><\/p>\n\n\n\n<p>Unsere Webseite verwendet nur so genannte \u201cSession-Cookies\u201d. Diese richten auf Ihrem Rechner keinen Schaden an und enthalten keine Viren. Sie werden nach Ende Ihres Besuchs automatisch gel\u00f6scht. Cookies dienen dazu, unser Angebot nutzerfreundlicher, effektiver und sicherer zu machen. Sie k\u00f6nnen Ihren Browser so einstellen, dass Sie \u00fcber das Setzen von Cookies informiert werden und Cookies nur im Einzelfall erlauben, die Annahme von Cookies f\u00fcr bestimmte F\u00e4lle oder generell ausschlie\u00dfen, sowie das automatische L\u00f6schen der Cookies beim Schlie\u00dfen des Browser aktivieren.<\/p>\n\n\n\n<p>Bei der Deaktivierung von Cookies kann die Funktionalit\u00e4t dieser Website eingeschr\u00e4nkt sein.<\/p>\n\n\n\n<p><strong>Betroffenenrechte (Auskunft, Sperrung, L\u00f6schung)<\/strong><\/p>\n\n\n\n<p>Sie haben im Rahmen der geltenden gesetzlichen Bestimmungen (Art. 15 EU-DSGVO in Verbindung mit \u00a734 BDSG) jederzeit das Recht auf unentgeltliche Auskunft \u00fcber<\/p>\n\n\n\n<p>Ihre bei uns gespeicherten personenbezogenen Daten, deren Herkunft und<\/p>\n\n\n\n<p>Empf\u00e4nger und den Zweck der Datenverarbeitung und ggf. ein Recht auf<\/p>\n\n\n\n<p>Berichtigung (Art. 16 EU-DSGVO), Sperrung (Art. 18 EU-DSGVO) oder L\u00f6schung (Art. 17<\/p>\n\n\n\n<p>EU-DSGVO in Verbindung mit \u00a735 BDSG) dieser Daten. Sie k\u00f6nnen gem\u00e4\u00df Art. 21 EUDSGVO jederzeit der Nutzung Ihrer Daten f\u00fcr Werbe- und Marktforschungszwecke widersprechen. Sofern die Verarbeitung Ihrer Daten aufgrund von Art. 6 Abs. 1 lit f EU-DSGVO zur Wahrung unserer berechtigten Interessen erfolgt, k\u00f6nnen Sie dieser Verarbeitung widersprechen sofern dem keine zwingenden schutzw\u00fcrdigen Gr\u00fcnde entgegenstehen.<\/p>\n\n\n\n<p><strong>Recht auf Daten\u00fcbertragbarkeit (Art. 20 DSGVO)<\/strong><\/p>\n\n\n\n<p>Sie haben gem\u00e4\u00df Art. 20 EU-DSGVO das Recht, Ihre Daten, die wir automatisiert verarbeiten, an sich oder an einen Dritten in einem g\u00e4ngigen, maschinenlesbaren Format aush\u00e4ndigen zu lassen. Sofern Sie die direkte \u00dcbertragung der Daten an einen anderen Verantwortlichen verlangen, erfolgt dies nur, soweit es technisch machbar ist.<\/p>\n\n\n\n<p><strong>Recht auf Beschwerde (Art. 77 DSGVO)<\/strong><\/p>\n\n\n\n<p>Sie haben das Recht auf Beschwerde gem\u00e4\u00df Art. 77 EU-DSGVO bei der zust\u00e4ndigen<\/p>\n\n\n\n<p>Aufsichtsbeh\u00f6rde, sofern Sie der Meinung sind, dass die Verarbeitung Ihrer personenbezogenen Daten nicht rechtm\u00e4\u00dfig erfolgt.<\/p>\n\n\n\n<p><strong>Widerspruch gegen Werbe-Mails (Art. 21 DSGVO)<\/strong><\/p>\n\n\n\n<p>Der Nutzung von im Rahmen der Impressumspflicht ver\u00f6ffentlichten Kontaktdaten durch Dritte zur \u00dcbersendung von nicht ausdr\u00fccklich angeforderter Werbung und Informationsmaterialien wird hiermit ausdr\u00fccklich widersprochen. Wir behalten uns ausdr\u00fccklich rechtliche Schritte im Falle der unverlangten Zusendung von Werbeinformationen, etwa durch Spam-Mails, vor.<\/p>\n\n\n\n<p><strong>Verschl\u00fcsselung:<\/strong><\/p>\n\n\n\n<p>Aus Sicherheitsgr\u00fcnden und zum Schutz der \u00dcbertragung vertraulicher Inhalte (z.B. Ihre Eingaben im Kontaktformular) verwenden wir dem aktuellen Stand der Technik entsprechende Verschl\u00fcsselungsverfahren (SSL bzw. TLS). Wir weisen darauf hin, dass die Daten\u00fcbertragung im Internet (z.B. bei der Kommunikation per E-Mail) Sicherheitsl\u00fccken aufweisen kann. Ein l\u00fcckenloser Schutz der Daten vor dem Zugriff durch Dritte ist nicht m\u00f6glich.<\/p>\n\n\n\n<p><strong>Verwendung von Google Analytics<\/strong><\/p>\n\n\n\n<p>Diese Webseite benutzt Google Analytics, einen Webanalysedienst der Google Inc. (\u201eGoogle\u201c). Google Analytics verwendet sog. \u201eCookies\u201c, Textdateien, die auf Ihrem Computer gespeichert werden und die eine Analyse der Benutzung der Webseite durch Sie erm\u00f6glichen. Die durch das Cookie erzeugten Informationen \u00fcber Ihre Benutzung dieser Webseite werden in der Regel an einen Server von Google in den USA \u00fcbertragen und dort gespeichert. Durch die Aktivierung der IP-Anonymisierung auf dieser Webseite, wird Ihre IP-Adresse von Google jedoch innerhalb von Mitgliedstaaten der Europ\u00e4ischen Union oder in anderen Vertragsstaaten des Abkommens \u00fcber den Europ\u00e4ischen Wirtschaftsraum zuvor gek\u00fcrzt. Nur in Ausnahmef\u00e4llen wird die volle IP-Adresse an einen Server von Google in den USA \u00fcbertragen und dort gek\u00fcrzt. Im Auftrag des Betreibers dieser Webseite wird Google diese Informationen benutzen, um Ihre Nutzung der Webseite auszuwerten, um Reports \u00fcber die Webseitenaktivit\u00e4ten zusammenzustellen und um Weitere, mit der Webseitennutzung und der Internetnutzung verbundene Dienstleistungen gegen\u00fcber dem Webseitenbetreiber zu erbringen. Die im Rahmen von Google Analytics von Ihrem Browser \u00fcbermittelte IP-Adresse wird nicht mit anderen Daten von Google zusammengef\u00fchrt. Sie k\u00f6nnen die Speicherung der Cookies durch eine entsprechende Einstellung Ihrer Browser-Software verhindern; wir weisen Sie jedoch darauf hin, dass Sie in diesem Fall gegebenenfalls nicht s\u00e4mtliche Funktionen dieser Webseite vollumf\u00e4nglich nutzen k\u00f6nnen. Sie k\u00f6nnen dar\u00fcber hinaus die Erfassung durch Google Analytics verhindern, indem Sie das unter dem folgenden Link (http:\/\/tools.google.com\/dlpage\/gaoptout?hl=de) verf\u00fcgbare Browser-Plugin herunterladen und installieren. Es wird ein Opt-Out-Cookie gesetzt, dass die zuk\u00fcnftige Erfassung Ihrer Daten beim Besuch dieser Webseite verhindert. Wir weisen Sie darauf hin, dass auf dieser Webseite Google Analytics um den Code \u201eanonymizeIp\u201c erweitert wurde, um eine anonymisierte Erfassung von IP-Adressen (sog. IP-Masking) zu gew\u00e4hrleisten. N\u00e4here Informationen zu Nutzungsbedingungen und Datenschutz finden Sie unter <a rel=\"noreferrer noopener\" href=\"http:\/\/www.google.com\/analytics\/terms\/de.html\" target=\"_blank\">www.google.com\/analytics\/terms\/de.html<\/a> bzw. unter <a rel=\"noreferrer noopener\" href=\"https:\/\/www.google.de\/intl\/de\/policies\/\" target=\"_blank\">https:\/\/www.google.de\/intl\/de\/policies\/<\/a>.<\/p>\n\n\n\n<p><strong>Verwendung von Google +1<\/strong><br>Erfassung und Weitergabe von Informationen: Mithilfe der Google +1-Schaltfl\u00e4che k\u00f6nnen Sie Informationen weltweit ver\u00f6ffentlichen. \u00fcber die Google +1-Schaltfl\u00e4che erhalten Sie und andere Nutzer personalisierte Inhalte von Google und unseren Partnern. Google speichert sowohl die Information, dass Sie f\u00fcr einen Inhalt +1 gegeben<br>haben, als auch Informationen \u00fcber die Seite, die Sie beim Klicken auf +1 angesehen haben. Ihre +1 k\u00f6nnen als Hinweise zusammen mit Ihrem Profilnamen und Ihrem Foto in Google-Diensten, wie etwa in Suchergebnissen oder in Ihrem Google-Profil, oder an anderen Stellen auf Websites und Anzeigen im Internet eingeblendet werden. Google zeichnet Informationen \u00fcber Ihre +1-Aktivit\u00e4ten auf, um die Google-Dienste f\u00fcr Sie und andere zu verbessern. Um die Google +1-Schaltfl\u00e4che verwenden zu k\u00f6nnen, ben\u00f6tigen Sie ein weltweit sichtbares, \u00f6ffentliches Google-Profil, das zumindest den f\u00fcr das Profil gew\u00e4hlten Namen enthalten muss. Dieser Name wird in allen Google-Diensten verwendet. In manchen F\u00e4llen kann dieser Name auch einen anderen Namen ersetzen, den Sie beim Teilen von Inhalten \u00fcber Ihr Google-Konto verwendet haben. Die Identit\u00e4t Ihres Google-Profils kann Nutzern angezeigt werden, die Ihre E-Mail-Adresse kennen oder \u00fcber andere identifizierende Informationen von Ihnen verf\u00fcgen.<\/p>\n\n\n\n<p><strong>Google Maps<\/strong><br>Wir binden die Landkarten des Dienstes \u201cGoogle Maps\u201d des Anbieters Google LLC, 1600 Amphitheatre Parkway, Mountain View, CA 94043, USA, ein. Zu den verarbeiteten Daten k\u00f6nnen insbesondere IP-Adressen und Standortdaten der Nutzer geh\u00f6ren, die jedoch nicht ohne deren Einwilligung (im Regelfall im Rahmen der Einstellungen ihrer Mobilger\u00e4te vollzogen), erhoben werden. Die Daten k\u00f6nnen in den USA verarbeitet werden. Datenschutzerkl\u00e4rung: <a href=\"https:\/\/www.google.com\/policies\/privacy\/\" target=\"_blank\" rel=\"noreferrer noopener\">https:\/\/www.google.com\/policies\/privacy\/<\/a>, Opt-Out: <a href=\"https:\/\/adssettings.google.com\/authenticated\" target=\"_blank\" rel=\"noreferrer noopener\">https:\/\/adssettings.google.com\/authenticated<\/a>.<\/p>\n\n\n\n<p><strong>Verwendung der erfassten Informationen:<\/strong><br>Neben den oben erl\u00e4uterten Verwendungszwecken werden die von Ihnen bereitgestellten Informationen gem\u00e4\u00df den geltenden Google-Datenschutzbestimmungen genutzt. Google ver\u00f6ffentlicht m\u00f6glicherweise zusammengefasste Statistiken \u00fcber die +1-Aktivit\u00e4ten der Nutzer bzw. gibt diese an Nutzer und Partner weiter, wie etwa Publisher, Inserenten oder verbundene Websites.<br>Datenschutzerkl\u00e4rung f\u00fcr die Nutzung von Twitter<br>Auf unseren Seiten sind Funktionen des Dienstes Twitter eingebunden. Diese Funktionen werden angeboten durch die Twitter Inc., 795 Folsom St., Suite 600, San Francisco, CA 94107, USA. Durch das Benutzen von Twitter und der Funktion \u201cRe-Tweet\u201d werden die von Ihnen besuchten Webseiten mit Ihrem Twitter-Account verkn\u00fcpft und anderen<br>Nutzern bekannt gegeben. Dabei werden auch Daten an Twitter \u00fcbertragen.<br>Wir weisen darauf hin, dass wir als Anbieter der Seiten keine Kenntnis vom Inhalt der \u00fcbermittelten Daten sowie deren Nutzung durch Twitter erhalten. Weitere Informationen hierzu finden Sie in der Datenschutzerkl\u00e4rung von Twitter unter<br><a href=\"http:\/\/twitter.com\/privacy\" target=\"_blank\" rel=\"noreferrer noopener\">http:\/\/twitter.com\/privacy<\/a>.<\/p>\n\n\n\n<p>Ihre Datenschutzeinstellungen bei Twitter k\u00f6nnen Sie in den Konto-Einstellungen unter<br><a href=\"http:\/\/twitter.com\/account\/settings\" target=\"_blank\" rel=\"noreferrer noopener\">http:\/\/twitter.com\/account\/settings<\/a> \u00e4ndern.<br>Datenschutzerkl\u00e4rung f\u00fcr die Nutzung von Whats App<br>Mit dem WhatsApp-Service beantworten wir Ihre Kundenanfrage und informieren Sie \u00fcber uns beziehungsweise unsere Angebote, Specials &amp; Events (nachfolgend \u201eService\u201c).<br>Wenn Sie den Service empfangen m\u00f6chten, ben\u00f6tigen wir von Ihnen eine valide Mobilfunknummer sowie die Information, dass Sie mit dem Erhalt unseres Services einverstanden sind.<br>Mit der Anmeldung zum Service speichern wir Ihren in Ihrem WhatsApp-Konto hinterlegten Vornamen, Namen, Mobilfunknummer und das Datum der Anmeldung zu unserem Service. Diese Speicherung dient dem Nachweis Ihrer Anmeldung, der Durchf\u00fchrung des Services und dem Ausschluss etwaiger Missbr\u00e4uche Dritter. Weitere Daten werden nicht erhoben. Die genannten Daten werden nur f\u00fcr die genannten Zwecke verwendet und werden nicht an Dritte weiter gegeben.<br>Ihre Einwilligung zur Speicherung der Daten, der Mobilfunknummer sowie deren Nutzung zum Versand des Services k\u00f6nnen Sie jederzeit widerrufen. Der Widerruf kann per WhatsApp-Nachricht erfolgen.<\/p>\n\n\n\n<p>Verwendung Facebook Like-Button<br>Auf unseren Seiten sind Plugins des sozialen Netzwerks Facebook, 1601 South California Avenue, Palo Alto, CA 94304, USA integriert. Die Facebook-Plugins erkennen Sie an dem Facebook-Logo oder dem \u201cLike-Button\u201d (\u201cGef\u00e4llt mir\u201d) auf unserer Seite. Eine \u00dcbersicht \u00fcber die Facebook-Plugins finden Sie hier:<br><a rel=\"noreferrer noopener\" href=\"http:\/\/developers.facebook.com\/docs\/plugins\/\" target=\"_blank\">http:\/\/developers.facebook.com\/docs\/plugins\/<\/a>.<br>Wenn Sie unsere Seiten besuchen, wird \u00fcber das Plugin eine direkte Verbindung zwischen Ihrem Browser und dem Facebook-Server hergestellt. Facebook erh\u00e4lt dadurch die Information, dass Sie mit Ihrer IP-Adresse unsere Seite<br>besucht haben. Wenn Sie den Facebook \u201cLike-Button\u201d anklicken w\u00e4hrend Sie in Ihrem Facebook-Account eingeloggt sind, k\u00f6nnen Sie die Inhalte unserer Seiten auf Ihrem Facebook-Profil verlinken. Dadurch kann<br>Facebook den Besuch unserer Seiten Ihrem Benutzerkonto zuordnen. Wir weisen darauf hin, dass wir als Anbieter der Seiten keine Kenntnis vom Inhalt der \u00fcbermittelten Daten sowie deren Nutzung durch Facebook erhalten. Weitere Informationen hierzu finden Sie in der Datenschutzerkl\u00e4rung von facebook unter<br><a rel=\"noreferrer noopener\" href=\"http:\/\/de-de.facebook.com\/policy.php\" target=\"_blank\">http:\/\/de-de.facebook.com\/policy.php<\/a><br>Wenn Sie nicht w\u00fcnschen, dass Facebook den Besuch unserer Seiten Ihrem Facebook-Nutzerkonto zuordnen kann, loggen Sie sich bitte aus Ihrem Facebook-Benutzerkonto aus.<\/p>\n\n\n\n<p><em>Quellen: <a href=\"http:\/\/www.e-recht24.de\/muster-disclaimer.htm\" target=\"_blank\" rel=\"noreferrer noopener\">eRecht24 Disclaimer<\/a>, <a href=\"http:\/\/www.e-recht24.de\/artikel\/datenschutz\/6590-facebook-like-button-datenschutz-disclaimer.html\" target=\"_blank\" rel=\"noreferrer noopener\">eRecht24 Facebook Datenschutzerkl\u00e4rung<\/a>,<a href=\"http:\/\/www.google.com\/intl\/de_ALL\/analytics\/tos.html\" target=\"_blank\" rel=\"noreferrer noopener\">Datenschutzerkl\u00e4rung f\u00fcr Google Analytics<\/a>, <a href=\"http:\/\/www.google.com\/intl\/de\/+\/policy\/+1button.html\" target=\"_blank\" rel=\"noreferrer noopener\">Datenschutzerkl\u00e4rung f\u00fcr Google +1<\/a>,<a href=\"http:\/\/twitter.com\/privacy\" target=\"_blank\" rel=\"noreferrer noopener\">Datenschutzerkl\u00e4rung Twitter<\/a><\/em><\/p>\n","protected":false},"excerpt":{"rendered":"<p>Der Verantwortliche f\u00fcr die Datenverarbeitung auf dieser Webseite ist: Rhineside ltd.Gesch\u00e4ftsf\u00fchrer: Claudia BollessenKlosterstr. 2647906 Kempen Umsatzsteuer-ID: DE 253939454 Kontakt:Telefon:+49 170 5474594E-Mail: canixfunsport@gmx.net [&hellip;]<\/p>\n","protected":false},"author":1,"featured_media":0,"parent":0,"menu_order":0,"comment_status":"closed","ping_status":"closed","template":"","meta":{"footnotes":""},"class_list":["post-106","page","type-page","status-publish","col-md-12"],"_links":{"self":[{"href":"https:\/\/canixfunsport.de\/index.php?rest_route=\/wp\/v2\/pages\/106","targetHints":{"allow":["GET"]}}],"collection":[{"href":"https:\/\/canixfunsport.de\/index.php?rest_route=\/wp\/v2\/pages"}],"about":[{"href":"https:\/\/canixfunsport.de\/index.php?rest_route=\/wp\/v2\/types\/page"}],"author":[{"embeddable":true,"href":"https:\/\/canixfunsport.de\/index.php?rest_route=\/wp\/v2\/users\/1"}],"replies":[{"embeddable":true,"href":"https:\/\/canixfunsport.de\/index.php?rest_route=%2Fwp%2Fv2%2Fcomments&post=106"}],"version-history":[{"count":1,"href":"https:\/\/canixfunsport.de\/index.php?rest_route=\/wp\/v2\/pages\/106\/revisions"}],"predecessor-version":[{"id":107,"href":"https:\/\/canixfunsport.de\/index.php?rest_route=\/wp\/v2\/pages\/106\/revisions\/107"}],"wp:attachment":[{"href":"https:\/\/canixfunsport.de\/index.php?rest_route=%2Fwp%2Fv2%2Fmedia&parent=106"}],"curies":[{"name":"wp","href":"https:\/\/api.w.org\/{rel}","templated":true}]}}